{"id":16,"date":"2021-02-12T17:09:16","date_gmt":"2021-02-12T16:09:16","guid":{"rendered":"http:\/\/mi2v.com\/?page_id=16"},"modified":"2021-02-27T18:35:17","modified_gmt":"2021-02-27T17:35:17","slug":"a-propos-de-2","status":"publish","type":"page","link":"https:\/\/mi2v.com\/index.php\/http-mi2v-com\/a-propos-de-2\/","title":{"rendered":"Qui sommes nous ?"},"content":{"rendered":"\n<p class=\"has-text-align-center\" style=\"font-size:24px\"><strong><span style=\"color:#199805\" class=\"has-inline-color\">Nous sommes deux associ\u00e9s dot\u00e9s d&rsquo;une formation en \u00c9lectrotechnique, M\u00e9canique,  Automatisme industriel. <\/span><\/strong><\/p>\n\n\n\n<p class=\"has-text-align-center\" style=\"font-size:24px\"><strong><span style=\"color:#199805\" class=\"has-inline-color\">Nous avons souhait\u00e9 mixer nos connaissances.<\/span><\/strong><\/p>\n\n\n\n<p class=\"has-text-align-center\" style=\"font-size:24px\"><strong><span style=\"color:#fbc951\" class=\"has-inline-color\">Forts de plus de 20 ans d&rsquo;exp\u00e9rience dans les domaines de l&rsquo;\u00e9lectronique de puissance tels que la variation de vitesse,  l&rsquo;automatisme, la supervision par \u00e9cran tactile, et plus g\u00e9n\u00e9ralement dans la maintenance industrielle, nous sommes capables de r\u00e9pondre \u00e0 toutes vos demandes avec pour seuls objectifs le service et la satisfaction client.<\/span><\/strong><\/p>\n\n\n\n<p class=\"has-text-align-center\" style=\"font-size:23px\"><strong><span class=\"has-inline-color has-vivid-cyan-blue-color\">Une liste non exhaustive de nos activit\u00e9s :<\/span><\/strong><\/p>\n\n\n\n<ul class=\"wp-block-list\"><li><span class=\"has-inline-color has-vivid-cyan-blue-color\"><strong>Des r\u00e9novations partielles ou totales sur vos armoires \u00e9lectriques.<\/strong><\/span><\/li><li><span class=\"has-inline-color has-vivid-cyan-blue-color\"><strong>L&rsquo;analyse et l&rsquo;am\u00e9lioration de vos syst\u00e8mes d&rsquo;entrainements. <\/strong><\/span><\/li><li><span class=\"has-inline-color has-vivid-cyan-blue-color\"><strong>En cas de panne, le diagnostic et la r\u00e9paration sur site (ou en atelier), selon les cas, de vos machines<\/strong>.<\/span><\/li><li><span class=\"has-inline-color has-vivid-cyan-blue-color\"><strong>Un besoin pour une mise en service de variateur incluant si n\u00e9cessaire des applications particuli\u00e8res ;<\/strong><\/span><ul><li><strong><span class=\"has-inline-color has-luminous-vivid-orange-color\">Le positionnement : le variateur assure lui m\u00eame la gestion des vitesses et des ordres de marche pour positionner la machine \u00e0 la position souhait\u00e9e<\/span><\/strong><\/li><li><strong><span class=\"has-inline-color has-pale-pink-color\">Enroulage d\u00e9roulage : Le variateur calcule les vitesses et couples n\u00e9cessaires sur les moteurs entrain\u00e9s \/ entrainant afin de garder une tension constante sur la bande.<\/span><\/strong><\/li><li><strong><span style=\"color:#2ca8f0\" class=\"has-inline-color\">Levage de charge : Le variateur assure simplement la gestion des freins en fonctions des couples moteurs pour optimiser les manutentions. La partie s\u00e9curit\u00e9 est, elle aussi, g\u00e9r\u00e9e par l&rsquo;applicatif.<\/span><\/strong><\/li><li><span style=\"color:#bcd954\" class=\"has-inline-color\">R\u00e9gulateur automatique : le variateur calcule en temps r\u00e9el la vitesse de rotation id\u00e9ale du moteur pour obtenir la valeur demand\u00e9e en consigne.<\/span><span class=\"has-inline-color has-vivid-cyan-blue-color\"><\/span><\/li><\/ul><\/li><\/ul>\n\n\n\n<h2 class=\"has-text-align-center wp-block-heading\"><strong><span style=\"color:#199805\" class=\"has-inline-color\">Nous mettrons tout notre savoir faire \u00e0 votre disposition pour trouver au plus vite la meilleure strat\u00e9gie \u00e0 adopter pour red\u00e9marrer dans les meilleurs d\u00e9lais.<\/span><\/strong><\/h2>\n","protected":false},"excerpt":{"rendered":"<p>Nous sommes deux associ\u00e9s dot\u00e9s d&rsquo;une formation en \u00c9lectrotechnique, M\u00e9canique, Automatisme industriel. Nous avons souhait\u00e9 mixer nos connaissances. Forts de plus de 20 ans d&rsquo;exp\u00e9rience dans les domaines de l&rsquo;\u00e9lectronique de puissance tels que la variation de vitesse, l&rsquo;automatisme, la supervision par \u00e9cran tactile, et plus g\u00e9n\u00e9ralement dans la maintenance industrielle, nous sommes capables de [&hellip;]<\/p>\n","protected":false},"author":1,"featured_media":0,"parent":33,"menu_order":0,"comment_status":"closed","ping_status":"closed","template":"","meta":{"_acf_changed":false,"footnotes":""},"class_list":["post-16","page","type-page","status-publish","hentry"],"acf":[],"_links":{"self":[{"href":"https:\/\/mi2v.com\/index.php\/wp-json\/wp\/v2\/pages\/16","targetHints":{"allow":["GET"]}}],"collection":[{"href":"https:\/\/mi2v.com\/index.php\/wp-json\/wp\/v2\/pages"}],"about":[{"href":"https:\/\/mi2v.com\/index.php\/wp-json\/wp\/v2\/types\/page"}],"author":[{"embeddable":true,"href":"https:\/\/mi2v.com\/index.php\/wp-json\/wp\/v2\/users\/1"}],"replies":[{"embeddable":true,"href":"https:\/\/mi2v.com\/index.php\/wp-json\/wp\/v2\/comments?post=16"}],"version-history":[{"count":26,"href":"https:\/\/mi2v.com\/index.php\/wp-json\/wp\/v2\/pages\/16\/revisions"}],"predecessor-version":[{"id":355,"href":"https:\/\/mi2v.com\/index.php\/wp-json\/wp\/v2\/pages\/16\/revisions\/355"}],"up":[{"embeddable":true,"href":"https:\/\/mi2v.com\/index.php\/wp-json\/wp\/v2\/pages\/33"}],"wp:attachment":[{"href":"https:\/\/mi2v.com\/index.php\/wp-json\/wp\/v2\/media?parent=16"}],"curies":[{"name":"wp","href":"https:\/\/api.w.org\/{rel}","templated":true}]}}