{"id":541,"date":"2021-09-21T17:47:08","date_gmt":"2021-09-21T15:47:08","guid":{"rendered":"http:\/\/mi2v.com\/?page_id=541"},"modified":"2025-04-08T15:08:16","modified_gmt":"2025-04-08T13:08:16","slug":"materiel-disponible-pour-depannage-urgent","status":"publish","type":"page","link":"https:\/\/mi2v.com\/index.php\/materiel-disponible-pour-depannage-urgent\/","title":{"rendered":"Urgence \/ Pr\u00eat \/ Location"},"content":{"rendered":"\r\n<div class=\"wp-block-columns is-layout-flex wp-container-core-columns-is-layout-9d6595d7 wp-block-columns-is-layout-flex\">\r\n<div class=\"wp-block-column is-layout-flow wp-block-column-is-layout-flow\">\r\n<figure class=\"wp-block-image size-large\"><img loading=\"lazy\" decoding=\"async\" width=\"1024\" height=\"855\" class=\"wp-image-542\" src=\"http:\/\/mi2v.com\/wp-content\/uploads\/2021\/09\/CFW11-1024x855.png\" alt=\"\" srcset=\"https:\/\/mi2v.com\/wp-content\/uploads\/2021\/09\/CFW11-1024x855.png 1024w, https:\/\/mi2v.com\/wp-content\/uploads\/2021\/09\/CFW11-300x250.png 300w, https:\/\/mi2v.com\/wp-content\/uploads\/2021\/09\/CFW11-768x641.png 768w, https:\/\/mi2v.com\/wp-content\/uploads\/2021\/09\/CFW11.png 1072w\" sizes=\"auto, (max-width: 1024px) 100vw, 1024px\" \/>\r\n<figcaption>CFW11 de 5.5 \u00e0 27KW<\/figcaption>\r\n<\/figure>\r\n<\/div>\r\n\r\n\r\n\r\n<div class=\"wp-block-column is-layout-flow wp-block-column-is-layout-flow\">\r\n<figure class=\"wp-block-image size-large\"><img loading=\"lazy\" decoding=\"async\" width=\"768\" height=\"1024\" class=\"wp-image-543\" src=\"http:\/\/mi2v.com\/wp-content\/uploads\/2021\/09\/IMG_1871-768x1024.jpg\" alt=\"\" srcset=\"https:\/\/mi2v.com\/wp-content\/uploads\/2021\/09\/IMG_1871-768x1024.jpg 768w, https:\/\/mi2v.com\/wp-content\/uploads\/2021\/09\/IMG_1871-225x300.jpg 225w, https:\/\/mi2v.com\/wp-content\/uploads\/2021\/09\/IMG_1871-1152x1536.jpg 1152w, https:\/\/mi2v.com\/wp-content\/uploads\/2021\/09\/IMG_1871-1536x2048.jpg 1536w, https:\/\/mi2v.com\/wp-content\/uploads\/2021\/09\/IMG_1871-scaled.jpg 1920w\" sizes=\"auto, (max-width: 768px) 100vw, 768px\" \/>\r\n<figcaption>CFW500 et CFW700 jusqu&rsquo;\u00e0 18.5KW<\/figcaption>\r\n<\/figure>\r\n<\/div>\r\n\r\n\r\n\r\n<div class=\"wp-block-column is-layout-flow wp-block-column-is-layout-flow\">\r\n<figure class=\"wp-block-image size-large is-resized\"><img loading=\"lazy\" decoding=\"async\" class=\"wp-image-544\" src=\"http:\/\/mi2v.com\/wp-content\/uploads\/2021\/09\/IMG_1869-768x1024.jpg\" alt=\"\" width=\"259\" height=\"345\" srcset=\"https:\/\/mi2v.com\/wp-content\/uploads\/2021\/09\/IMG_1869-768x1024.jpg 768w, https:\/\/mi2v.com\/wp-content\/uploads\/2021\/09\/IMG_1869-225x300.jpg 225w, https:\/\/mi2v.com\/wp-content\/uploads\/2021\/09\/IMG_1869-1152x1536.jpg 1152w, https:\/\/mi2v.com\/wp-content\/uploads\/2021\/09\/IMG_1869-1536x2048.jpg 1536w, https:\/\/mi2v.com\/wp-content\/uploads\/2021\/09\/IMG_1869-scaled.jpg 1920w\" sizes=\"auto, (max-width: 259px) 100vw, 259px\" \/>\r\n<figcaption>CFW11 110KW, 155 KW, 200KW et 330KW<\/figcaption>\r\n<\/figure>\r\n<\/div>\r\n<\/div>\r\n\r\n\r\n\r\n<p class=\"has-text-align-center\">Que ce soit pour du pr\u00eat, de la location ou tout simplement une vente, nous avons sur stock \u00e0 MIOS une large gamme de variateurs neufs permettant un d\u00e9pannage rapide de vos installations.<\/p>\r\n\r\n\r\n\r\n<p class=\"has-text-align-center\"><span class=\"has-inline-color has-luminous-vivid-amber-color\">N&rsquo;h\u00e9sitez pas \u00e0 nous contacter pour plus d&rsquo;informations<\/span><\/p>\r\n<p>&nbsp;<\/p>\r\n<p>Mat\u00e9riel disponible pour une urgence : <\/p>\r\n<p><em>Mat\u00e9riel IP20 sur roulettes <\/em><\/p>\r\n<ul>\r\n<li>&#8211; 1 Variateur 132\/160 KW<\/li>\r\n<\/ul>\r\n<p><em>Mat\u00e9riel IP20 sur palette<\/em><\/p>\r\n<ul>\r\n<li>&#8211; 1 Variateur 180\/215 KW<\/li>\r\n<li>-1 Variateur 315\/355 KW<\/li>\r\n<\/ul>\r\n<p>Mat\u00e9riel IP54 sur socle Inox<\/p>\r\n<ul>\r\n<li>&#8211; 1 variateur 200\/255 KW<\/li>\r\n<\/ul>\r\n","protected":false},"excerpt":{"rendered":"<p>Que ce soit pour du pr\u00eat, de la location ou tout simplement une vente, nous avons sur stock \u00e0 MIOS une large gamme de variateurs neufs permettant un d\u00e9pannage rapide de vos installations. N&rsquo;h\u00e9sitez pas \u00e0 nous contacter pour plus d&rsquo;informations &nbsp; Mat\u00e9riel disponible pour une urgence : Mat\u00e9riel IP20 sur roulettes &#8211; 1 Variateur [&hellip;]<\/p>\n","protected":false},"author":1,"featured_media":0,"parent":0,"menu_order":0,"comment_status":"closed","ping_status":"closed","template":"","meta":{"_acf_changed":false,"footnotes":""},"class_list":["post-541","page","type-page","status-publish","hentry"],"acf":[],"_links":{"self":[{"href":"https:\/\/mi2v.com\/index.php\/wp-json\/wp\/v2\/pages\/541","targetHints":{"allow":["GET"]}}],"collection":[{"href":"https:\/\/mi2v.com\/index.php\/wp-json\/wp\/v2\/pages"}],"about":[{"href":"https:\/\/mi2v.com\/index.php\/wp-json\/wp\/v2\/types\/page"}],"author":[{"embeddable":true,"href":"https:\/\/mi2v.com\/index.php\/wp-json\/wp\/v2\/users\/1"}],"replies":[{"embeddable":true,"href":"https:\/\/mi2v.com\/index.php\/wp-json\/wp\/v2\/comments?post=541"}],"version-history":[{"count":10,"href":"https:\/\/mi2v.com\/index.php\/wp-json\/wp\/v2\/pages\/541\/revisions"}],"predecessor-version":[{"id":724,"href":"https:\/\/mi2v.com\/index.php\/wp-json\/wp\/v2\/pages\/541\/revisions\/724"}],"wp:attachment":[{"href":"https:\/\/mi2v.com\/index.php\/wp-json\/wp\/v2\/media?parent=541"}],"curies":[{"name":"wp","href":"https:\/\/api.w.org\/{rel}","templated":true}]}}