{"id":603,"date":"2022-03-14T17:41:26","date_gmt":"2022-03-14T16:41:26","guid":{"rendered":"http:\/\/mi2v.com\/?page_id=603"},"modified":"2025-04-08T14:54:18","modified_gmt":"2025-04-08T12:54:18","slug":"moyens-dessais","status":"publish","type":"page","link":"https:\/\/mi2v.com\/index.php\/moyens-dessais\/","title":{"rendered":"Moyens d&rsquo;essais"},"content":{"rendered":"\r\n<p>Nous sommes en mesure d&rsquo;effectuer pour vous des essais de variateurs pleine charge jusqu&rsquo;\u00e0 160 KW ou des moteurs jusqu&rsquo;\u00e0 110 KW.<\/p>\r\n\r\n\r\n\r\n<p>N&rsquo;h\u00e9sitez pas pour vos besoins \u00e0 nous consulter.<\/p>\r\n\r\n\r\n\r\n<div class=\"wp-block-image is-style-rounded\">\r\n<figure class=\"aligncenter size-large is-resized\"><img loading=\"lazy\" decoding=\"async\" class=\"wp-image-604\" src=\"http:\/\/mi2v.com\/wp-content\/uploads\/2022\/03\/IMG_2503-768x1024.jpg\" alt=\"\" width=\"521\" height=\"695\" srcset=\"https:\/\/mi2v.com\/wp-content\/uploads\/2022\/03\/IMG_2503-768x1024.jpg 768w, https:\/\/mi2v.com\/wp-content\/uploads\/2022\/03\/IMG_2503-225x300.jpg 225w, https:\/\/mi2v.com\/wp-content\/uploads\/2022\/03\/IMG_2503-1152x1536.jpg 1152w, https:\/\/mi2v.com\/wp-content\/uploads\/2022\/03\/IMG_2503-1536x2048.jpg 1536w, https:\/\/mi2v.com\/wp-content\/uploads\/2022\/03\/IMG_2503-scaled.jpg 1920w\" sizes=\"auto, (max-width: 521px) 100vw, 521px\" \/>\r\n<figcaption>Variateur r\u00e9g\u00e9n\u00e9ratif sur le r\u00e9seau 270KVA pour pilotage du banc de charge<\/figcaption>\r\n<\/figure>\r\n<\/div>\r\n\r\n\r\n\r\n<figure class=\"wp-block-image size-large is-resized\"><img loading=\"lazy\" decoding=\"async\" class=\"wp-image-642\" src=\"http:\/\/mi2v.com\/wp-content\/uploads\/2022\/05\/IMG_2699-2-1024x786.jpg\" alt=\"\" width=\"840\" height=\"644\" srcset=\"https:\/\/mi2v.com\/wp-content\/uploads\/2022\/05\/IMG_2699-2-1024x786.jpg 1024w, https:\/\/mi2v.com\/wp-content\/uploads\/2022\/05\/IMG_2699-2-300x230.jpg 300w, https:\/\/mi2v.com\/wp-content\/uploads\/2022\/05\/IMG_2699-2-768x590.jpg 768w, https:\/\/mi2v.com\/wp-content\/uploads\/2022\/05\/IMG_2699-2-1536x1179.jpg 1536w, https:\/\/mi2v.com\/wp-content\/uploads\/2022\/05\/IMG_2699-2-2048x1572.jpg 2048w\" sizes=\"auto, (max-width: 840px) 100vw, 840px\" \/>\r\n<figcaption>Moteur 160KW de charge \u00e0 gauche et Moteur 110 KW pour tester les variateurs \u00e0 droite<\/figcaption>\r\n<\/figure>\r\n\r\n\r\n\r\n<div class=\"wp-block-columns is-layout-flex wp-container-core-columns-is-layout-9d6595d7 wp-block-columns-is-layout-flex\">\r\n<div class=\"wp-block-column is-layout-flow wp-block-column-is-layout-flow\">\r\n<figure class=\"wp-block-image size-large\"><img loading=\"lazy\" decoding=\"async\" width=\"1024\" height=\"779\" class=\"wp-image-644\" src=\"http:\/\/mi2v.com\/wp-content\/uploads\/2022\/05\/IMG_2689-2-1024x779.jpg\" alt=\"\" srcset=\"https:\/\/mi2v.com\/wp-content\/uploads\/2022\/05\/IMG_2689-2-1024x779.jpg 1024w, https:\/\/mi2v.com\/wp-content\/uploads\/2022\/05\/IMG_2689-2-300x228.jpg 300w, https:\/\/mi2v.com\/wp-content\/uploads\/2022\/05\/IMG_2689-2-768x584.jpg 768w, https:\/\/mi2v.com\/wp-content\/uploads\/2022\/05\/IMG_2689-2-1536x1168.jpg 1536w, https:\/\/mi2v.com\/wp-content\/uploads\/2022\/05\/IMG_2689-2-2048x1558.jpg 2048w\" sizes=\"auto, (max-width: 1024px) 100vw, 1024px\" \/>\r\n<figcaption>Courant du moteur de charge<\/figcaption>\r\n<\/figure>\r\n<\/div>\r\n\r\n\r\n\r\n<div class=\"wp-block-column is-layout-flow wp-block-column-is-layout-flow\">\r\n<figure class=\"wp-block-image size-large\"><img loading=\"lazy\" decoding=\"async\" width=\"1024\" height=\"886\" class=\"wp-image-645\" src=\"http:\/\/mi2v.com\/wp-content\/uploads\/2022\/05\/IMG_2696-2-1024x886.jpg\" alt=\"\" srcset=\"https:\/\/mi2v.com\/wp-content\/uploads\/2022\/05\/IMG_2696-2-1024x886.jpg 1024w, https:\/\/mi2v.com\/wp-content\/uploads\/2022\/05\/IMG_2696-2-300x260.jpg 300w, https:\/\/mi2v.com\/wp-content\/uploads\/2022\/05\/IMG_2696-2-768x665.jpg 768w, https:\/\/mi2v.com\/wp-content\/uploads\/2022\/05\/IMG_2696-2-1536x1329.jpg 1536w, https:\/\/mi2v.com\/wp-content\/uploads\/2022\/05\/IMG_2696-2.jpg 1970w\" sizes=\"auto, (max-width: 1024px) 100vw, 1024px\" \/>\r\n<figcaption>Courant variateur en test<\/figcaption>\r\n<\/figure>\r\n<\/div>\r\n\r\n\r\n\r\n<div class=\"wp-block-column is-layout-flow wp-block-column-is-layout-flow\">\r\n<figure class=\"wp-block-image size-large\"><img loading=\"lazy\" decoding=\"async\" width=\"1024\" height=\"828\" class=\"wp-image-647\" src=\"http:\/\/mi2v.com\/wp-content\/uploads\/2022\/05\/IMG_2698-2-1024x828.jpg\" alt=\"\" srcset=\"https:\/\/mi2v.com\/wp-content\/uploads\/2022\/05\/IMG_2698-2-1024x828.jpg 1024w, https:\/\/mi2v.com\/wp-content\/uploads\/2022\/05\/IMG_2698-2-300x242.jpg 300w, https:\/\/mi2v.com\/wp-content\/uploads\/2022\/05\/IMG_2698-2-768x621.jpg 768w, https:\/\/mi2v.com\/wp-content\/uploads\/2022\/05\/IMG_2698-2-1536x1241.jpg 1536w, https:\/\/mi2v.com\/wp-content\/uploads\/2022\/05\/IMG_2698-2-2048x1655.jpg 2048w\" sizes=\"auto, (max-width: 1024px) 100vw, 1024px\" \/>\r\n<figcaption>Courant maxi du variateur lors du test<\/figcaption>\r\n<\/figure>\r\n<\/div>\r\n<\/div>\r\n\r\n\r\n\r\n<div class=\"wp-block-columns is-layout-flex wp-container-core-columns-is-layout-9d6595d7 wp-block-columns-is-layout-flex\">\r\n<div class=\"wp-block-column is-layout-flow wp-block-column-is-layout-flow\">\r\n<figure class=\"wp-block-image size-large\"><img loading=\"lazy\" decoding=\"async\" width=\"1024\" height=\"746\" class=\"wp-image-648\" src=\"http:\/\/mi2v.com\/wp-content\/uploads\/2022\/05\/IMG_2691-2-1024x746.jpg\" alt=\"\" srcset=\"https:\/\/mi2v.com\/wp-content\/uploads\/2022\/05\/IMG_2691-2-1024x746.jpg 1024w, https:\/\/mi2v.com\/wp-content\/uploads\/2022\/05\/IMG_2691-2-300x219.jpg 300w, https:\/\/mi2v.com\/wp-content\/uploads\/2022\/05\/IMG_2691-2-768x560.jpg 768w, https:\/\/mi2v.com\/wp-content\/uploads\/2022\/05\/IMG_2691-2-1536x1119.jpg 1536w, https:\/\/mi2v.com\/wp-content\/uploads\/2022\/05\/IMG_2691-2-2048x1493.jpg 2048w\" sizes=\"auto, (max-width: 1024px) 100vw, 1024px\" \/>\r\n<figcaption>Vue de l&rsquo;essai cot\u00e9 r\u00e9seau<\/figcaption>\r\n<\/figure>\r\n<\/div>\r\n\r\n\r\n\r\n<div class=\"wp-block-column is-layout-flow wp-block-column-is-layout-flow\">\r\n<figure class=\"wp-block-image size-large is-resized\"><img loading=\"lazy\" decoding=\"async\" class=\"wp-image-651\" src=\"http:\/\/mi2v.com\/wp-content\/uploads\/2022\/05\/IMG_2701-768x1024.jpg\" alt=\"\" width=\"332\" height=\"443\" srcset=\"https:\/\/mi2v.com\/wp-content\/uploads\/2022\/05\/IMG_2701-768x1024.jpg 768w, https:\/\/mi2v.com\/wp-content\/uploads\/2022\/05\/IMG_2701-225x300.jpg 225w, https:\/\/mi2v.com\/wp-content\/uploads\/2022\/05\/IMG_2701-1152x1536.jpg 1152w, https:\/\/mi2v.com\/wp-content\/uploads\/2022\/05\/IMG_2701-1536x2048.jpg 1536w, https:\/\/mi2v.com\/wp-content\/uploads\/2022\/05\/IMG_2701-scaled.jpg 1920w\" sizes=\"auto, (max-width: 332px) 100vw, 332px\" \/>\r\n<figcaption>Courants d&rsquo;entr\u00e9e du variateur de test<\/figcaption>\r\n<\/figure>\r\n<\/div>\r\n<\/div>\r\n\r\n\r\n\r\n<p>&nbsp;<\/p>\r\n","protected":false},"excerpt":{"rendered":"<p>Nous sommes en mesure d&rsquo;effectuer pour vous des essais de variateurs pleine charge jusqu&rsquo;\u00e0 160 KW ou des moteurs jusqu&rsquo;\u00e0 110 KW. N&rsquo;h\u00e9sitez pas pour vos besoins \u00e0 nous consulter. &nbsp;<\/p>\n","protected":false},"author":1,"featured_media":0,"parent":0,"menu_order":0,"comment_status":"closed","ping_status":"closed","template":"","meta":{"_acf_changed":false,"footnotes":""},"class_list":["post-603","page","type-page","status-publish","hentry"],"acf":[],"_links":{"self":[{"href":"https:\/\/mi2v.com\/index.php\/wp-json\/wp\/v2\/pages\/603","targetHints":{"allow":["GET"]}}],"collection":[{"href":"https:\/\/mi2v.com\/index.php\/wp-json\/wp\/v2\/pages"}],"about":[{"href":"https:\/\/mi2v.com\/index.php\/wp-json\/wp\/v2\/types\/page"}],"author":[{"embeddable":true,"href":"https:\/\/mi2v.com\/index.php\/wp-json\/wp\/v2\/users\/1"}],"replies":[{"embeddable":true,"href":"https:\/\/mi2v.com\/index.php\/wp-json\/wp\/v2\/comments?post=603"}],"version-history":[{"count":5,"href":"https:\/\/mi2v.com\/index.php\/wp-json\/wp\/v2\/pages\/603\/revisions"}],"predecessor-version":[{"id":721,"href":"https:\/\/mi2v.com\/index.php\/wp-json\/wp\/v2\/pages\/603\/revisions\/721"}],"wp:attachment":[{"href":"https:\/\/mi2v.com\/index.php\/wp-json\/wp\/v2\/media?parent=603"}],"curies":[{"name":"wp","href":"https:\/\/api.w.org\/{rel}","templated":true}]}}